{"id":563,"date":"2023-07-30T21:30:03","date_gmt":"2023-07-30T14:30:03","guid":{"rendered":"http:\/\/altdigitech.com\/?page_id=563"},"modified":"2023-07-30T23:10:31","modified_gmt":"2023-07-30T16:10:31","slug":"bang-gia-vang","status":"publish","type":"page","link":"https:\/\/altdigitech.com\/?page_id=563","title":{"rendered":"B\u1ea3ng gi\u00e1 v\u00e0ng"},"content":{"rendered":"<div data-colibri-id=\"563-c1\" class=\"style-686 style-local-563-c1 position-relative\">\n  <!---->\n  <div data-colibri-component=\"section\" data-colibri-id=\"563-c2\" id=\"about\" class=\"h-section h-section-global-spacing d-flex align-items-lg-center align-items-md-center align-items-center style-687 style-local-563-c2 position-relative\">\n    <!---->\n    <!---->\n    <div class=\"h-section-grid-container h-section-boxed-container\">\n      <!---->\n      <div data-colibri-id=\"563-c3\" class=\"h-row-container gutters-row-lg-2 gutters-row-md-2 gutters-row-2 gutters-row-v-lg-2 gutters-row-v-md-2 gutters-row-v-2 style-688 style-local-563-c3 position-relative\">\n        <!---->\n        <div class=\"h-row justify-content-lg-center justify-content-md-center justify-content-center align-items-lg-stretch align-items-md-stretch align-items-stretch gutters-col-lg-2 gutters-col-md-2 gutters-col-2 gutters-col-v-lg-2 gutters-col-v-md-2 gutters-col-v-2\">\n          <!---->\n          <div class=\"h-column h-column-container d-flex h-col-lg-auto h-col-md-auto h-col-auto style-689-outer style-local-563-c4-outer\">\n            <div data-colibri-id=\"563-c4\" class=\"d-flex h-flex-basis h-column__inner h-px-lg-2 h-px-md-2 h-px-2 v-inner-lg-2 v-inner-md-2 v-inner-2 style-689 style-local-563-c4 position-relative\">\n              <!---->\n              <!---->\n              <div class=\"w-100 h-y-container h-column__content h-column__v-align flex-basis-100 align-self-lg-center align-self-md-center align-self-center\">\n                <!---->\n                <div data-colibri-id=\"563-c5\" class=\"h-global-transition-all h-heading style-690 style-local-563-c5 position-relative h-element\">\n                  <!---->\n                  <div class=\"h-heading__outer style-690 style-local-563-c5\">\n                    <!---->\n                    <!---->\n                    <h5 class=\"\">N\u1eaeM B\u1eaeT XU TH\u1ebe &#8211; \u0110\u00d3N \u0110\u1ea6U TH\u1eca TR\u01af\u1edcNG<\/h5>\n                  <\/div>\n                <\/div>\n                <div data-colibri-id=\"563-c6\" class=\"h-global-transition-all h-heading style-691 style-local-563-c6 position-relative h-element\">\n                  <!---->\n                  <div class=\"h-heading__outer style-691 style-local-563-c6\">\n                    <!---->\n                    <!---->\n                    <h2 class=\"\">B\u1ea3ng gi\u00e1 v\u00e0ng hi\u1ec3n th\u1ecb tr\u00ean TIVI l\u00e0 gi\u1ea3i ph\u00e1p c\u1ef1c k\u1ef3 hi\u1ec7u qu\u1ea3 trong th\u1eddi \u0111\u1ea1i c\u00f4ng ngh\u1ec7 n\u00e0y<\/h2>\n                  <\/div>\n                <\/div>\n                <div data-colibri-id=\"563-c7\" class=\"h-lead h-text h-text-component style-692 style-local-563-c7 position-relative h-element\">\n                  <!---->\n                  <!---->\n                  <div class=\"\">\n                    <p>B\u1ea3ng gi\u00e1 v\u00e0ng t\u00edch h\u1ee3p nhi\u1ec1u t\u00ednh n\u0103ng t\u00f9y ch\u1ec9nh, nh\u1eb1m \u0111\u00e1p \u1ee9ng nhu c\u1ea7u c\u0169ng nh\u01b0 phong th\u1ee7y c\u1ee7a nh\u00e0 v\u00e0ng&nbsp;\n                      <br>L\u1ef1a ch\u1ecdn th\u00f4ng minh khi v\u1eeba mang t\u00ednh th\u1ea9m m\u1ef9 l\u1ea1i b\u1ec1n b\u1ec9 theo th\u1eddi gian c\u0169ng nh\u01b0 \u0111\u00f3n \u0111\u1ea7u th\u1eddi \u0111\u1ea1i<\/p>\n                  <\/div>\n                <\/div>\n                <div data-colibri-id=\"563-c8\" class=\"h-x-container style-693 style-local-563-c8 position-relative h-element\">\n                  <!---->\n                  <div class=\"h-x-container-inner style-dynamic-563-c8-group style-693-spacing style-local-563-c8-spacing\"><span class=\"h-button__outer style-694-outer style-local-563-c9-outer d-inline-flex h-element\"><a h-use-smooth-scroll=\"true\" href=\"\"  data-colibri-id=\"563-c9\" class=\"d-flex w-100 align-items-center h-button justify-content-lg-center justify-content-md-center justify-content-center style-694 style-local-563-c9 position-relative\"><!----><!----> <span>Mua ngay<\/span><\/a>\n                    <\/span>\n                  <\/div>\n                <\/div>\n              <\/div>\n            <\/div>\n          <\/div>\n          <div class=\"h-column h-column-container d-flex h-col-lg-auto h-col-md-auto h-col-auto style-695-outer style-local-563-c10-outer\">\n            <div data-colibri-id=\"563-c10\" class=\"d-flex h-flex-basis h-column__inner h-px-lg-2 h-px-md-2 h-px-2 v-inner-lg-2 v-inner-md-2 v-inner-2 style-695 style-local-563-c10 position-relative\">\n              <!---->\n              <!---->\n              <div class=\"w-100 h-y-container h-column__content h-column__v-align flex-basis-100 align-self-lg-center align-self-md-center align-self-center\">\n                <!---->\n                <div data-colibri-id=\"563-c11\" class=\"d-block style-696 style-local-563-c11 position-relative h-element\">\n                  <!---->\n                  <div class=\"h-image__frame-container-outer\">\n                    <div class=\"h-image__frame-container\">\n                      <!---->\n                      <!---->\n                      <img decoding=\"async\" loading=\"lazy\" width=\"1536\" height=\"1500\" src=\"http:\/\/altdigitech.com\/wp-content\/uploads\/2023\/07\/banggia2.png\" class=\"wp-image-608 style-696-image style-local-563-c11-image\" srcset=\"https:\/\/altdigitech.com\/wp-content\/uploads\/2023\/07\/banggia2.png 1536w, https:\/\/altdigitech.com\/wp-content\/uploads\/2023\/07\/banggia2-300x293.png 300w, https:\/\/altdigitech.com\/wp-content\/uploads\/2023\/07\/banggia2-1024x1000.png 1024w, https:\/\/altdigitech.com\/wp-content\/uploads\/2023\/07\/banggia2-768x750.png 768w\" sizes=\"(max-width: 1536px) 100vw, 1536px\" alt=\"\" \/>\n                      <div class=\"h-image__frame h-hide-sm style-696-frameImage style-local-563-c11-frameImage\"><\/div>\n                    <\/div>\n                  <\/div>\n                <\/div>\n              <\/div>\n            <\/div>\n          <\/div>\n        <\/div>\n      <\/div>\n    <\/div>\n  <\/div>\n  <div data-colibri-component=\"section\" data-colibri-id=\"563-c12\" id=\"about-2\" class=\"h-section h-section-global-spacing d-flex align-items-lg-center align-items-md-center align-items-center style-697 style-local-563-c12 position-relative\">\n    <!---->\n    <!---->\n    <div class=\"h-section-grid-container h-section-boxed-container\">\n      <!---->\n      <div data-colibri-id=\"563-c13\" class=\"h-row-container gutters-row-lg-0 gutters-row-md-0 gutters-row-0 gutters-row-v-lg-0 gutters-row-v-md-0 gutters-row-v-0 style-698 style-local-563-c13 position-relative\">\n        <!---->\n        <div class=\"h-row justify-content-lg-center justify-content-md-center justify-content-center align-items-lg-stretch align-items-md-stretch align-items-stretch gutters-col-lg-0 gutters-col-md-0 gutters-col-0 gutters-col-v-lg-0 gutters-col-v-md-0 gutters-col-v-0\">\n          <!---->\n          <div class=\"h-column h-column-container d-flex h-col-lg-auto h-col-md-auto h-col-auto style-699-outer style-local-563-c14-outer\">\n            <div data-colibri-id=\"563-c14\" class=\"d-flex h-flex-basis h-column__inner h-ui-empty-state-container h-px-lg-0 h-px-md-0 h-px-0 v-inner-lg-0 v-inner-md-0 v-inner-0 style-699 style-local-563-c14 position-relative\">\n              <!---->\n              <!---->\n              <div class=\"w-100 h-y-container h-column__content h-column__v-align flex-basis-100\">\n                <!---->\n              <\/div>\n            <\/div>\n          <\/div>\n          <div class=\"h-column h-column-container d-flex h-col-lg-auto h-col-md-auto h-col-auto style-700-outer style-local-563-c15-outer\">\n            <div data-colibri-id=\"563-c15\" class=\"d-flex h-flex-basis h-column__inner h-px-lg-2 h-px-md-2 h-px-2 v-inner-lg-2 v-inner-md-2 v-inner-2 style-700 style-local-563-c15 position-relative\">\n              <!---->\n              <!---->\n              <div class=\"w-100 h-y-container h-column__content h-column__v-align flex-basis-100 align-self-lg-start align-self-md-start align-self-start\">\n                <!---->\n                <div data-colibri-id=\"563-c16\" class=\"h-global-transition-all h-heading style-701 style-local-563-c16 position-relative h-element\">\n                  <!---->\n                  <div class=\"h-heading__outer style-701 style-local-563-c16\">\n                    <!---->\n                    <!---->\n                    <h5 class=\"\">T\u00cdNH N\u0102NG V\u01af\u1ee2T B\u1eacC<\/h5>\n                  <\/div>\n                <\/div>\n                <div data-colibri-id=\"563-c17\" class=\"h-global-transition-all h-heading style-702 style-local-563-c17 position-relative h-element\">\n                  <!---->\n                  <div class=\"h-heading__outer style-702 style-local-563-c17\">\n                    <!---->\n                    <!---->\n                    <h2 class=\"\">B\u1ea3ng gi\u00e1 v\u00e0ng v\u1edbi nhi\u1ec1u t\u00ednh n\u0103ng n\u1ed5i tr\u1ed9i, t\u00f9y ch\u1ec9nh theo \u00fd nh\u00e0 v\u00e0ng<\/h2>\n                  <\/div>\n                <\/div>\n                <div data-colibri-id=\"563-c18\" class=\"h-text h-text-component style-703 style-local-563-c18 position-relative h-element\">\n                  <!---->\n                  <!---->\n                  <div class=\"\">\n                    <p>Tr\u00ecnh chi\u1ebfu gi\u00e1 v\u00e0ng tr\u00ean m\u00e0n h\u00ecnh TiV( led, LCD)<\/p>\n                    <p>Hi\u1ec3n th\u1ecb gi\u00e1 v\u00e0ng , l\u1eddi ch\u00e0o, logo<\/p>\n                    <p> Ch\u1ea1y ch\u1eef ch\u00e2n, ch\u1ea1y kh\u1ea9u hi\u1ec3u, ch\u1eef c\u00f3 th\u1ec3 nh\u1ea5p nh\u00e1y, \u0111\u1ed5i m\u00e0u<\/p>\n                    <p> Tr\u00ecnh chi\u1ebfu Video, nh\u1ea1c, <\/p>\n                    <p> K\u1ebft n\u1ed1i Internet, youtube, Xem clip<\/p>\n                    <p> C\u00f3 th\u1ec3 n\u00e2ng c\u1ea5p khi c\u1ea7n: Th\u00eam b\u1edbt c\u00e1c lo\u1ea1i v\u00e0ng, th\u00f4ng tin hi\u1ec3n th\u1ecb m\u00e0 kh\u00f4ng ph\u1ea3i mua l\u1ea1i b\u1ea3n m\u1edbi<\/p>\n                    <p> C\u00f3 th\u1ec3 xem, s\u1eeda gi\u00e1 v\u00e0ng t\u1eeb xa tr\u00ean \u0111i\u1ec7n tho\u1ea1i di \u0111\u1ed9ng.<\/p>\n                  <\/div>\n                <\/div>\n              <\/div>\n            <\/div>\n          <\/div>\n        <\/div>\n      <\/div>\n    <\/div>\n  <\/div>\n<\/div>","protected":false},"excerpt":{"rendered":"<p>N\u1eaeM B\u1eaeT XU TH\u1ebe &#8211; \u0110\u00d3N \u0110\u1ea6U TH\u1eca TR\u01af\u1edcNG B\u1ea3ng gi\u00e1 v\u00e0ng hi\u1ec3n th\u1ecb tr\u00ean TIVI l\u00e0 gi\u1ea3i ph\u00e1p c\u1ef1c k\u1ef3 hi\u1ec7u qu\u1ea3 trong th\u1eddi \u0111\u1ea1i c\u00f4ng ngh\u1ec7 n\u00e0y B\u1ea3ng gi\u00e1 v\u00e0ng t\u00edch h\u1ee3p nhi\u1ec1u t\u00ednh n\u0103ng t\u00f9y ch\u1ec9nh, nh\u1eb1m \u0111\u00e1p \u1ee9ng nhu c\u1ea7u c\u0169ng nh\u01b0 phong th\u1ee7y c\u1ee7a nh\u00e0 v\u00e0ng&nbsp; L\u1ef1a ch\u1ecdn th\u00f4ng minh [&hellip;]<\/p>\n","protected":false},"author":1,"featured_media":0,"parent":0,"menu_order":0,"comment_status":"closed","ping_status":"closed","template":"page-templates\/full-width-page.php","meta":{"footnotes":""},"_links":{"self":[{"href":"https:\/\/altdigitech.com\/index.php?rest_route=\/wp\/v2\/pages\/563"}],"collection":[{"href":"https:\/\/altdigitech.com\/index.php?rest_route=\/wp\/v2\/pages"}],"about":[{"href":"https:\/\/altdigitech.com\/index.php?rest_route=\/wp\/v2\/types\/page"}],"author":[{"embeddable":true,"href":"https:\/\/altdigitech.com\/index.php?rest_route=\/wp\/v2\/users\/1"}],"replies":[{"embeddable":true,"href":"https:\/\/altdigitech.com\/index.php?rest_route=%2Fwp%2Fv2%2Fcomments&post=563"}],"version-history":[{"count":2,"href":"https:\/\/altdigitech.com\/index.php?rest_route=\/wp\/v2\/pages\/563\/revisions"}],"predecessor-version":[{"id":611,"href":"https:\/\/altdigitech.com\/index.php?rest_route=\/wp\/v2\/pages\/563\/revisions\/611"}],"wp:attachment":[{"href":"https:\/\/altdigitech.com\/index.php?rest_route=%2Fwp%2Fv2%2Fmedia&parent=563"}],"curies":[{"name":"wp","href":"https:\/\/api.w.org\/{rel}","templated":true}]}}