{"id":564,"date":"2023-07-30T21:30:03","date_gmt":"2023-07-30T14:30:03","guid":{"rendered":"http:\/\/altdigitech.com\/?page_id=564"},"modified":"2023-08-03T14:41:26","modified_gmt":"2023-08-03T07:41:26","slug":"phan-mem-cam-do","status":"publish","type":"page","link":"https:\/\/altdigitech.com\/?page_id=564","title":{"rendered":"Ph\u1ea7n m\u1ec1m c\u1ea7m \u0111\u1ed3"},"content":{"rendered":"<div data-colibri-id=\"564-c1\" class=\"style-704 style-local-564-c1 position-relative\">\n  <!---->\n  <div data-colibri-component=\"section\" data-colibri-id=\"564-c2\" id=\"about\" class=\"h-section h-section-global-spacing d-flex align-items-lg-center align-items-md-center align-items-center style-705 style-local-564-c2 position-relative\">\n    <!---->\n    <!---->\n    <div class=\"h-section-grid-container h-section-boxed-container\">\n      <!---->\n      <div data-colibri-id=\"564-c3\" class=\"h-row-container gutters-row-lg-0 gutters-row-md-0 gutters-row-0 gutters-row-v-lg-0 gutters-row-v-md-0 gutters-row-v-0 style-706 style-local-564-c3 position-relative\">\n        <!---->\n        <div class=\"h-row justify-content-lg-center justify-content-md-center justify-content-center align-items-lg-stretch align-items-md-stretch align-items-stretch gutters-col-lg-0 gutters-col-md-0 gutters-col-0 gutters-col-v-lg-0 gutters-col-v-md-0 gutters-col-v-0\">\n          <!---->\n          <div class=\"h-column h-column-container d-flex h-col-lg-auto h-col-md-auto h-col-auto style-707-outer style-local-564-c4-outer\">\n            <div data-colibri-id=\"564-c4\" class=\"d-flex h-flex-basis h-column__inner h-ui-empty-state-container h-px-lg-0 h-px-md-0 h-px-0 v-inner-lg-0 v-inner-md-0 v-inner-0 style-707 style-local-564-c4 position-relative\">\n              <!---->\n              <!---->\n              <div class=\"w-100 h-y-container h-column__content h-column__v-align flex-basis-100\">\n                <!---->\n              <\/div>\n            <\/div>\n          <\/div>\n          <div class=\"h-column h-column-container d-flex h-col-lg-auto h-col-md-auto h-col-auto style-708-outer style-local-564-c5-outer\">\n            <div data-colibri-id=\"564-c5\" class=\"d-flex h-flex-basis h-column__inner h-px-lg-2 h-px-md-2 h-px-2 v-inner-lg-2 v-inner-md-2 v-inner-2 style-708 style-local-564-c5 position-relative\">\n              <!---->\n              <!---->\n              <div class=\"w-100 h-y-container h-column__content h-column__v-align flex-basis-100 align-self-lg-start align-self-md-start align-self-start\">\n                <!---->\n                <div data-colibri-id=\"564-c6\" class=\"h-global-transition-all h-heading style-709 style-local-564-c6 position-relative h-element\">\n                  <!---->\n                  <div class=\"h-heading__outer style-709 style-local-564-c6\">\n                    <!---->\n                    <!---->\n                    <h3 class=\"\">T\u00cdNH N\u0102NG<\/h3>\n                  <\/div>\n                <\/div>\n                <div data-colibri-id=\"564-c7\" class=\"h-global-transition-all h-heading style-710 style-local-564-c7 position-relative h-element\">\n                  <!---->\n                  <div class=\"h-heading__outer style-710 style-local-564-c7\">\n                    <!---->\n                    <!---->\n                    <h5 class=\"\">\n                      <ul>\n                        <li>Ph\u1ea7n m\u1ec1m c\u1ea7m \u0111\u1ed3 \u0111\u01b0\u1ee3c t\u00edch h\u1ee3p t\u1ea5t c\u1ea3 ch\u1ee9c n\u0103ng c\u1ea7n thi\u1ebft c\u1ee7a 1 ph\u1ea7n m\u1ec1m c\u1ea7m \u0111\u1ed3<\/li>\n                      <\/ul>\n                    <\/h5>\n                  <\/div>\n                <\/div>\n                <div data-colibri-id=\"564-c8\" class=\"h-text h-text-component style-711 style-local-564-c8 position-relative h-element\">\n                  <!---->\n                  <!---->\n                  <div class=\"\">\n                    <p>\u2981 Qu\u1ea3n l\u00fd h\u1ee3p \u0111\u1ed3ng vay c\u1ea7m \u0111\u1ed3, vay t\u00edn ch\u1ea5p, vay tr\u1ea3 g\u00f3p, nh\u1eadn vay: gi\u00fap b\u1ea1n n\u1eafm \u0111\u01b0\u1ee3c th\u00f4ng tin c\u01a1 b\u1ea3n c\u1ee7a kh\u00e1ch h\u00e0ng vay v\u00e0 th\u00f4ng tin vay c\u1ee7a h\u1ee3p \u0111\u1ed3ng<\/p>\n                  <\/div>\n                <\/div>\n              <\/div>\n            <\/div>\n          <\/div>\n        <\/div>\n      <\/div>\n    <\/div>\n  <\/div>\n  <div data-colibri-component=\"section\" data-colibri-id=\"564-c9\" id=\"about-2\" class=\"h-section h-section-global-spacing d-flex align-items-lg-center align-items-md-center align-items-center style-712 style-local-564-c9 position-relative\">\n    <!---->\n    <!---->\n    <div class=\"h-section-grid-container h-section-boxed-container\">\n      <!---->\n      <div data-colibri-id=\"564-c10\" class=\"h-row-container gutters-row-lg-2 gutters-row-md-2 gutters-row-2 gutters-row-v-lg-2 gutters-row-v-md-2 gutters-row-v-2 style-713 style-local-564-c10 position-relative\">\n        <!---->\n        <div class=\"h-row justify-content-lg-center justify-content-md-center justify-content-center align-items-lg-stretch align-items-md-stretch align-items-stretch gutters-col-lg-2 gutters-col-md-2 gutters-col-2 gutters-col-v-lg-2 gutters-col-v-md-2 gutters-col-v-2\">\n          <!---->\n          <div class=\"h-column h-column-container d-flex h-col-lg-auto h-col-md-auto h-col-auto style-714-outer style-local-564-c11-outer\">\n            <div data-colibri-id=\"564-c11\" class=\"d-flex h-flex-basis h-column__inner h-px-lg-2 h-px-md-2 h-px-2 v-inner-lg-2 v-inner-md-2 v-inner-2 style-714 style-local-564-c11 position-relative\">\n              <!---->\n              <!---->\n              <div class=\"w-100 h-y-container h-column__content h-column__v-align flex-basis-100 align-self-lg-center align-self-md-center align-self-center\">\n                <!---->\n                <div data-colibri-id=\"564-c12\" class=\"h-global-transition-all h-heading style-715 style-local-564-c12 position-relative h-element\">\n                  <!---->\n                  <div class=\"h-heading__outer style-715 style-local-564-c12\">\n                    <!---->\n                    <!---->\n                    <h4 class=\"\">B\u00e1o c\u00e1o chi ti\u1ebft, th\u1ed1ng k\u00ea r\u00f5 r\u00e0ng<\/h4>\n                  <\/div>\n                <\/div>\n                <div data-colibri-id=\"564-c13\" class=\"h-global-transition-all h-heading style-716 style-local-564-c13 position-relative h-element\">\n                  <!---->\n                  <div class=\"h-heading__outer style-716 style-local-564-c13\">\n                    <!---->\n                    <!---->\n                    <h5 class=\"\">&nbsp; &nbsp; \u00c1p d\u1ee5ng kinh nghi\u1ec7m h\u01a1n 20 n\u0103m trong ng\u00e0nh c\u1ea7m \u0111\u1ed3. N\u00ean ph\u1ea7n m\u1ec1m lu\u00f4n \u0111\u00e1p \u1ee9ng \u0111\u1ea7y \u0111\u1ee7 nhu c\u1ea7u cho kh\u00e1ch h\u00e0ng<\/h5>\n                  <\/div>\n                <\/div>\n                <div data-colibri-id=\"564-c14\" class=\"h-x-container style-718 style-local-564-c14 position-relative h-element\">\n                  <!---->\n                  <div class=\"h-x-container-inner style-dynamic-564-c14-group style-718-spacing style-local-564-c14-spacing\"><span class=\"h-button__outer style-719-outer style-local-564-c15-outer d-inline-flex h-element\"><a h-use-smooth-scroll=\"true\" href=\"\"  data-colibri-id=\"564-c15\" class=\"d-flex w-100 align-items-center h-button justify-content-lg-center justify-content-md-center justify-content-center style-719 style-local-564-c15 position-relative\"><!----><!----> <span>Mua ngay<\/span><\/a>\n                    <\/span>\n                  <\/div>\n                <\/div>\n              <\/div>\n            <\/div>\n          <\/div>\n          <div class=\"h-column h-column-container d-flex h-col-lg-auto h-col-md-auto h-col-auto style-720-outer style-local-564-c16-outer\">\n            <div data-colibri-id=\"564-c16\" class=\"d-flex h-flex-basis h-column__inner h-px-lg-2 h-px-md-2 h-px-2 v-inner-lg-2 v-inner-md-2 v-inner-2 style-720 style-local-564-c16 position-relative\">\n              <!---->\n              <!---->\n              <div class=\"w-100 h-y-container h-column__content h-column__v-align flex-basis-100 align-self-lg-center align-self-md-center align-self-center\">\n                <!---->\n                <div data-colibri-id=\"564-c17\" class=\"d-block style-721 style-local-564-c17 position-relative h-element\">\n                  <!---->\n                  <div class=\"h-image__frame-container-outer\">\n                    <div class=\"h-image__frame-container\">\n                      <!---->\n                      <!---->\n                      <img decoding=\"async\" loading=\"lazy\" width=\"1366\" height=\"768\" src=\"http:\/\/altdigitech.com\/wp-content\/uploads\/2023\/07\/z4563000704881_5478550c8d04efa80ae4c57183fa54e4.jpg\" class=\"wp-image-758 style-721-image style-local-564-c17-image\" srcset=\"https:\/\/altdigitech.com\/wp-content\/uploads\/2023\/07\/z4563000704881_5478550c8d04efa80ae4c57183fa54e4.jpg 1366w, https:\/\/altdigitech.com\/wp-content\/uploads\/2023\/07\/z4563000704881_5478550c8d04efa80ae4c57183fa54e4-300x169.jpg 300w, https:\/\/altdigitech.com\/wp-content\/uploads\/2023\/07\/z4563000704881_5478550c8d04efa80ae4c57183fa54e4-1024x576.jpg 1024w, https:\/\/altdigitech.com\/wp-content\/uploads\/2023\/07\/z4563000704881_5478550c8d04efa80ae4c57183fa54e4-768x432.jpg 768w\" sizes=\"(max-width: 1366px) 100vw, 1366px\" alt=\"\" \/>\n                      <div class=\"h-image__frame h-hide-sm style-721-frameImage style-local-564-c17-frameImage\"><\/div>\n                    <\/div>\n                  <\/div>\n                <\/div>\n              <\/div>\n            <\/div>\n          <\/div>\n        <\/div>\n      <\/div>\n    <\/div>\n  <\/div>\n<\/div>","protected":false},"excerpt":{"rendered":"<p>T\u00cdNH N\u0102NG Ph\u1ea7n m\u1ec1m c\u1ea7m \u0111\u1ed3 \u0111\u01b0\u1ee3c t\u00edch h\u1ee3p t\u1ea5t c\u1ea3 ch\u1ee9c n\u0103ng c\u1ea7n thi\u1ebft c\u1ee7a 1 ph\u1ea7n m\u1ec1m c\u1ea7m \u0111\u1ed3 \u2981 Qu\u1ea3n l\u00fd h\u1ee3p \u0111\u1ed3ng vay c\u1ea7m \u0111\u1ed3, vay t\u00edn ch\u1ea5p, vay tr\u1ea3 g\u00f3p, nh\u1eadn vay: gi\u00fap b\u1ea1n n\u1eafm \u0111\u01b0\u1ee3c th\u00f4ng tin c\u01a1 b\u1ea3n c\u1ee7a kh\u00e1ch h\u00e0ng vay v\u00e0 th\u00f4ng tin vay c\u1ee7a h\u1ee3p [&hellip;]<\/p>\n","protected":false},"author":1,"featured_media":0,"parent":0,"menu_order":0,"comment_status":"closed","ping_status":"closed","template":"page-templates\/full-width-page.php","meta":{"footnotes":""},"_links":{"self":[{"href":"https:\/\/altdigitech.com\/index.php?rest_route=\/wp\/v2\/pages\/564"}],"collection":[{"href":"https:\/\/altdigitech.com\/index.php?rest_route=\/wp\/v2\/pages"}],"about":[{"href":"https:\/\/altdigitech.com\/index.php?rest_route=\/wp\/v2\/types\/page"}],"author":[{"embeddable":true,"href":"https:\/\/altdigitech.com\/index.php?rest_route=\/wp\/v2\/users\/1"}],"replies":[{"embeddable":true,"href":"https:\/\/altdigitech.com\/index.php?rest_route=%2Fwp%2Fv2%2Fcomments&post=564"}],"version-history":[{"count":5,"href":"https:\/\/altdigitech.com\/index.php?rest_route=\/wp\/v2\/pages\/564\/revisions"}],"predecessor-version":[{"id":1049,"href":"https:\/\/altdigitech.com\/index.php?rest_route=\/wp\/v2\/pages\/564\/revisions\/1049"}],"wp:attachment":[{"href":"https:\/\/altdigitech.com\/index.php?rest_route=%2Fwp%2Fv2%2Fmedia&parent=564"}],"curies":[{"name":"wp","href":"https:\/\/api.w.org\/{rel}","templated":true}]}}