{"id":690,"date":"2023-07-31T15:30:33","date_gmt":"2023-07-31T08:30:33","guid":{"rendered":"http:\/\/altdigitech.com\/?page_id=690"},"modified":"2023-07-31T22:43:13","modified_gmt":"2023-07-31T15:43:13","slug":"may-in","status":"publish","type":"page","link":"https:\/\/altdigitech.com\/?page_id=690","title":{"rendered":"M\u00c1Y IN"},"content":{"rendered":"<div data-colibri-id=\"690-c1\" class=\"style-796 style-local-690-c1 position-relative\">\n  <!---->\n  <div data-colibri-component=\"section\" data-colibri-id=\"690-c2\" id=\"custom\" class=\"h-section h-section-global-spacing d-flex align-items-lg-center align-items-md-center align-items-center style-797 style-local-690-c2 position-relative\">\n    <!---->\n    <!---->\n    <div class=\"h-section-grid-container h-section-boxed-container\">\n      <!---->\n      <div data-colibri-id=\"690-c3\" class=\"h-row-container gutters-row-lg-2 gutters-row-md-2 gutters-row-0 gutters-row-v-lg-2 gutters-row-v-md-2 gutters-row-v-2 style-798 style-local-690-c3 position-relative\">\n        <!---->\n        <div class=\"h-row justify-content-lg-center justify-content-md-center justify-content-center align-items-lg-stretch align-items-md-stretch align-items-stretch gutters-col-lg-2 gutters-col-md-2 gutters-col-0 gutters-col-v-lg-2 gutters-col-v-md-2 gutters-col-v-2\">\n          <!---->\n          <div class=\"h-column h-column-container d-flex h-col-lg-auto h-col-md-auto h-col-auto style-799-outer style-local-690-c4-outer\">\n            <div data-colibri-id=\"690-c4\" class=\"d-flex h-flex-basis h-column__inner h-px-lg-2 h-px-md-2 h-px-2 v-inner-lg-2 v-inner-md-2 v-inner-2 style-799 style-local-690-c4 position-relative\">\n              <!---->\n              <!---->\n              <div class=\"w-100 h-y-container h-column__content h-column__v-align flex-basis-100 align-self-lg-start align-self-md-start align-self-start\">\n                <!---->\n                <div data-colibri-id=\"690-c5\" class=\"d-block style-801 style-local-690-c5 position-relative h-element\">\n                  <!---->\n                  <div class=\"h-image__frame-container-outer\">\n                    <div class=\"h-image__frame-container\">\n                      <!---->\n                      <!---->\n                      <img decoding=\"async\" loading=\"lazy\" width=\"240\" height=\"240\" src=\"http:\/\/altdigitech.com\/wp-content\/uploads\/2023\/07\/zyro-image-3.png\" class=\"wp-image-714 style-801-image style-local-690-c5-image\" srcset=\"https:\/\/altdigitech.com\/wp-content\/uploads\/2023\/07\/zyro-image-3.png 240w, https:\/\/altdigitech.com\/wp-content\/uploads\/2023\/07\/zyro-image-3-150x150.png 150w\" sizes=\"(max-width: 240px) 100vw, 240px\" alt=\"\" \/>\n                      <div class=\"h-image__frame h-hide-lg h-hide-md h-hide-sm style-801-frameImage style-local-690-c5-frameImage\"><\/div>\n                    <\/div>\n                  <\/div>\n                <\/div>\n                <div data-colibri-id=\"690-c6\" class=\"h-text h-text-component style-803 style-local-690-c6 position-relative h-element\">\n                  <!---->\n                  <!---->\n                  <div class=\"\">\n                    <p>M\u00e1y in tem GODEX G500 &#8211; 230dpi<\/p>\n                  <\/div>\n                <\/div>\n                <div data-colibri-id=\"690-c7\" class=\"h-global-transition-all h-heading style-805 style-local-690-c7 position-relative h-element\">\n                  <!---->\n                  <div class=\"h-heading__outer style-805 style-local-690-c7\">\n                    <!---->\n                    <!---->\n                    <h5 class=\"\">3.550.000 vn\u0111<\/h5>\n                  <\/div>\n                <\/div>\n                <div data-colibri-id=\"690-c8\" class=\"h-global-transition-all h-heading style-806 style-local-690-c8 position-relative h-element\">\n                  <!---->\n                  <div class=\"h-heading__outer style-806 style-local-690-c8\">\n                    <!---->\n                    <!---->\n                    <h5 class=\"\">3.750.000 vn\u0111<\/h5>\n                  <\/div>\n                <\/div>\n                <div data-colibri-id=\"690-c9\" class=\"h-x-container style-809 style-local-690-c9 position-relative h-element\">\n                  <!---->\n                  <div class=\"h-x-container-inner style-dynamic-690-c9-group style-809-spacing style-local-690-c9-spacing\"><span class=\"h-button__outer style-810-outer style-local-690-c10-outer d-inline-flex h-element\"><a h-use-smooth-scroll=\"true\" href=\"\"  data-colibri-id=\"690-c10\" class=\"d-flex w-100 align-items-center h-button justify-content-lg-center justify-content-md-center justify-content-center style-810 style-local-690-c10 position-relative\"><!----><!----> <span>li\u00ean h\u1ec7<\/span><\/a>\n                    <\/span>\n                  <\/div>\n                <\/div>\n              <\/div>\n            <\/div>\n          <\/div>\n          <div class=\"h-column h-column-container d-flex h-col-lg-auto h-col-md-auto h-col-auto style-800-outer style-local-690-c11-outer\">\n            <div data-colibri-id=\"690-c11\" class=\"d-flex h-flex-basis h-column__inner h-px-lg-2 h-px-md-2 h-px-2 v-inner-lg-2 v-inner-md-2 v-inner-2 style-800 style-local-690-c11 position-relative\">\n              <!---->\n              <!---->\n              <div class=\"w-100 h-y-container h-column__content h-column__v-align flex-basis-100 align-self-lg-start align-self-md-start align-self-start\">\n                <!---->\n                <div data-colibri-id=\"690-c12\" class=\"d-block style-802 style-local-690-c12 position-relative h-element\">\n                  <!---->\n                  <div class=\"h-image__frame-container-outer\">\n                    <div class=\"h-image__frame-container\">\n                      <!---->\n                      <!---->\n                      <img decoding=\"async\" loading=\"lazy\" width=\"240\" height=\"227\" src=\"http:\/\/altdigitech.com\/wp-content\/uploads\/2023\/07\/zyro-image-4.png\" class=\"wp-image-715 style-802-image style-local-690-c12-image\" alt=\"\" \/>\n                      <div class=\"h-image__frame h-hide-lg h-hide-md h-hide-sm style-802-frameImage style-local-690-c12-frameImage\"><\/div>\n                    <\/div>\n                  <\/div>\n                <\/div>\n                <div data-colibri-id=\"690-c13\" class=\"h-text h-text-component style-804 style-local-690-c13 position-relative h-element\">\n                  <!---->\n                  <!---->\n                  <div class=\"\">\n                    <p>M\u00e1y in tem GODEX G530 &#8211; 300dpi<\/p>\n                  <\/div>\n                <\/div>\n                <div data-colibri-id=\"690-c14\" class=\"h-global-transition-all h-heading style-807 style-local-690-c14 position-relative h-element\">\n                  <!---->\n                  <div class=\"h-heading__outer style-807 style-local-690-c14\">\n                    <!---->\n                    <!---->\n                    <h5 class=\"\">5.000.000 vn\u0111<\/h5>\n                  <\/div>\n                <\/div>\n                <div data-colibri-id=\"690-c15\" class=\"h-global-transition-all h-heading style-808 style-local-690-c15 position-relative h-element\">\n                  <!---->\n                  <div class=\"h-heading__outer style-808 style-local-690-c15\">\n                    <!---->\n                    <!---->\n                    <h5 class=\"\">5.600.000 vn\u0111<\/h5>\n                  <\/div>\n                <\/div>\n                <div data-colibri-id=\"690-c16\" class=\"h-x-container style-811 style-local-690-c16 position-relative h-element\">\n                  <!---->\n                  <div class=\"h-x-container-inner style-dynamic-690-c16-group style-811-spacing style-local-690-c16-spacing\"><span class=\"h-button__outer style-812-outer style-local-690-c17-outer d-inline-flex h-element\"><a h-use-smooth-scroll=\"true\" href=\"\"  data-colibri-id=\"690-c17\" class=\"d-flex w-100 align-items-center h-button justify-content-lg-center justify-content-md-center justify-content-center style-812 style-local-690-c17 position-relative\"><!----><!----> <span>li\u00ean h\u1ec7<\/span><\/a>\n                    <\/span>\n                  <\/div>\n                <\/div>\n              <\/div>\n            <\/div>\n          <\/div>\n        <\/div>\n      <\/div>\n    <\/div>\n  <\/div>\n<\/div>","protected":false},"excerpt":{"rendered":"<p>M\u00e1y in tem GODEX G500 &#8211; 230dpi 3.550.000 vn\u0111 3.750.000 vn\u0111 li\u00ean h\u1ec7 M\u00e1y in tem GODEX G530 &#8211; 300dpi 5.000.000 vn\u0111 5.600.000 vn\u0111 li\u00ean h\u1ec7<\/p>\n","protected":false},"author":1,"featured_media":0,"parent":0,"menu_order":0,"comment_status":"closed","ping_status":"closed","template":"page-templates\/full-width-page.php","meta":{"footnotes":""},"_links":{"self":[{"href":"https:\/\/altdigitech.com\/index.php?rest_route=\/wp\/v2\/pages\/690"}],"collection":[{"href":"https:\/\/altdigitech.com\/index.php?rest_route=\/wp\/v2\/pages"}],"about":[{"href":"https:\/\/altdigitech.com\/index.php?rest_route=\/wp\/v2\/types\/page"}],"author":[{"embeddable":true,"href":"https:\/\/altdigitech.com\/index.php?rest_route=\/wp\/v2\/users\/1"}],"replies":[{"embeddable":true,"href":"https:\/\/altdigitech.com\/index.php?rest_route=%2Fwp%2Fv2%2Fcomments&post=690"}],"version-history":[{"count":5,"href":"https:\/\/altdigitech.com\/index.php?rest_route=\/wp\/v2\/pages\/690\/revisions"}],"predecessor-version":[{"id":805,"href":"https:\/\/altdigitech.com\/index.php?rest_route=\/wp\/v2\/pages\/690\/revisions\/805"}],"wp:attachment":[{"href":"https:\/\/altdigitech.com\/index.php?rest_route=%2Fwp%2Fv2%2Fmedia&parent=690"}],"curies":[{"name":"wp","href":"https:\/\/api.w.org\/{rel}","templated":true}]}}